{"id":43,"date":"2024-09-26T13:47:02","date_gmt":"2024-09-26T11:47:02","guid":{"rendered":"https:\/\/ponzanobakery.com\/colibri-wp\/"},"modified":"2024-11-23T02:54:21","modified_gmt":"2024-11-23T01:54:21","slug":"ponzanitos","status":"publish","type":"page","link":"https:\/\/ponzanobakery.com\/en\/ponzanitos\/","title":{"rendered":"home"},"content":{"rendered":"<div data-colibri-id=\"43-c1\" class=\"style-190 style-local-43-c1 position-relative\">\n  <!----><\/p>\n<div data-colibri-component=\"section\" data-colibri-id=\"43-c2\" id=\"ponzanitos\" class=\"h-section h-section-global-spacing d-flex align-items-lg-center align-items-md-center align-items-center style-198 style-local-43-c2 position-relative\">\n    <!----><br \/>\n    <!----><\/p>\n<div class=\"h-section-grid-container h-section-boxed-container\">\n      <!----><\/p>\n<div data-colibri-id=\"43-c3\" class=\"h-row-container gutters-row-lg-0 gutters-row-md-0 gutters-row-0 gutters-row-v-lg-0 gutters-row-v-md-0 gutters-row-v-0 style-199 style-local-43-c3 position-relative\">\n        <!----><\/p>\n<div class=\"h-row justify-content-lg-center justify-content-md-center justify-content-center align-items-lg-stretch align-items-md-stretch align-items-stretch gutters-col-lg-0 gutters-col-md-0 gutters-col-0 gutters-col-v-lg-0 gutters-col-v-md-0 gutters-col-v-0\">\n          <!----><\/p>\n<div class=\"h-column h-column-container d-flex h-col-lg-auto h-col-md-auto h-col-auto style-200-outer style-local-43-c4-outer\">\n<div data-colibri-id=\"43-c4\" class=\"d-flex h-flex-basis h-column__inner h-px-lg-0 h-px-md-0 h-px-0 v-inner-lg-0 v-inner-md-0 v-inner-0 style-200 style-local-43-c4 position-relative\">\n              <!----><br \/>\n              <!----><\/p>\n<div class=\"w-100 h-y-container h-column__content h-column__v-align flex-basis-100 align-self-lg-start align-self-md-start align-self-start\">\n                <!----><\/p>\n<div data-colibri-id=\"43-c5\" class=\"h-global-transition-all h-heading style-334 style-local-43-c5 position-relative h-element\">\n                  <!----><\/p>\n<div class=\"h-heading__outer style-334 style-local-43-c5\">\n                    <!----><br \/>\n                    <!----><\/p>\n<h2 class=\"\">Los Ponzanitos se piden por Glovo&nbsp;<\/h2>\n<\/p><\/div>\n<\/p><\/div>\n<div data-colibri-id=\"43-c6\" class=\"h-text h-text-component style-203 style-local-43-c6 position-relative h-element\">\n                  <!----><br \/>\n                  <!----><\/p>\n<div class=\"\">\n<p>Y son Los mejores bollitos<\/p>\n<p>de la ciudad<\/p>\n<p>Los Ponzanitos<\/p>\n<p>\n                      <img decoding=\"async\" draggable=\"false\" role=\"img\" class=\"emoji\" alt=\"\u2764\ufe0f\" src=\"https:\/\/s.w.org\/images\/core\/emoji\/15.0.3\/svg\/2764.svg\">\n                    <\/p>\n<\/p><\/div>\n<\/p><\/div>\n<\/p><\/div>\n<\/p><\/div>\n<\/p><\/div>\n<div class=\"h-column h-column-container d-flex h-col-lg-auto h-col-md-auto h-col-auto style-204-outer style-local-43-c7-outer\">\n<div data-colibri-id=\"43-c7\" class=\"d-flex h-flex-basis h-column__inner h-ui-empty-state-container h-px-lg-2 h-px-md-2 h-px-2 v-inner-lg-2 v-inner-md-2 v-inner-2 style-204 style-local-43-c7 position-relative\">\n              <!----><br \/>\n              <!----><\/p>\n<div class=\"w-100 h-y-container h-column__content h-column__v-align flex-basis-100\">\n                <!---->\n              <\/div>\n<\/p><\/div>\n<\/p><\/div>\n<\/p><\/div>\n<\/p><\/div>\n<\/p><\/div>\n<\/p><\/div>\n<div data-colibri-component=\"section\" data-colibri-id=\"43-c8\" id=\"palmeritas-ponzano\" class=\"h-section h-section-global-spacing d-flex align-items-lg-center align-items-md-center align-items-center style-217 style-local-43-c8 position-relative\">\n    <!----><br \/>\n    <!----><\/p>\n<div class=\"h-section-grid-container h-section-boxed-container\">\n      <!----><\/p>\n<div data-colibri-id=\"43-c9\" class=\"h-row-container gutters-row-lg-2 gutters-row-md-2 gutters-row-2 gutters-row-v-lg-2 gutters-row-v-md-2 gutters-row-v-2 style-218 style-local-43-c9 position-relative\">\n        <!----><\/p>\n<div class=\"h-row justify-content-lg-center justify-content-md-center justify-content-center align-items-lg-stretch align-items-md-stretch align-items-stretch gutters-col-lg-2 gutters-col-md-2 gutters-col-2 gutters-col-v-lg-2 gutters-col-v-md-2 gutters-col-v-2\">\n          <!----><\/p>\n<div class=\"h-column h-column-container d-flex h-col-lg-auto h-col-md-auto h-col-auto style-219-outer style-local-43-c10-outer\">\n<div data-colibri-id=\"43-c10\" class=\"d-flex h-flex-basis h-column__inner h-px-lg-2 h-px-md-2 h-px-2 v-inner-lg-2 v-inner-md-2 v-inner-2 style-219 style-local-43-c10 position-relative\">\n              <!----><br \/>\n              <!----><\/p>\n<div class=\"w-100 h-y-container h-column__content h-column__v-align flex-basis-100 align-self-lg-center align-self-md-center align-self-center\">\n                <!----><\/p>\n<div data-colibri-id=\"43-c11\" class=\"d-block style-220 style-local-43-c11 position-relative h-element\">\n                  <!----><\/p>\n<div class=\"h-image__frame-container-outer\">\n<div class=\"h-image__frame-container\">\n                      <!----><br \/>\n                      <!----><br \/>\n                      <img fetchpriority=\"high\" decoding=\"async\" width=\"628\" height=\"1272\" src=\"https:\/\/ponzanobakery.com\/wp-content\/uploads\/2024\/09\/Ponzanito.jpeg\" class=\"wp-image-49 style-220-image style-local-43-c11-image\" srcset=\"https:\/\/ponzanobakery.com\/wp-content\/uploads\/2024\/09\/Ponzanito.jpeg 628w, https:\/\/ponzanobakery.com\/wp-content\/uploads\/2024\/09\/Ponzanito-148x300.jpeg 148w, https:\/\/ponzanobakery.com\/wp-content\/uploads\/2024\/09\/Ponzanito-506x1024.jpeg 506w\" sizes=\"(max-width: 628px) 100vw, 628px\" \/><\/p>\n<div class=\"h-image__frame h-image__frame_shadow h-hide-sm style-220-frameImage style-local-43-c11-frameImage\"><\/div>\n<\/p><\/div>\n<\/p><\/div>\n<\/p><\/div>\n<\/p><\/div>\n<\/p><\/div>\n<\/p><\/div>\n<div class=\"h-column h-column-container d-flex h-col-lg-auto h-col-md-auto h-col-auto style-221-outer style-local-43-c12-outer\">\n<div data-colibri-id=\"43-c12\" class=\"d-flex h-flex-basis h-column__inner h-px-lg-2 h-px-md-2 h-px-2 v-inner-lg-2 v-inner-md-2 v-inner-2 style-221 style-local-43-c12 position-relative\">\n              <!----><br \/>\n              <!----><\/p>\n<div class=\"w-100 h-y-container h-column__content h-column__v-align flex-basis-100 align-self-lg-center align-self-md-center align-self-center\">\n                <!----><\/p>\n<div data-colibri-id=\"43-c13\" class=\"h-global-transition-all h-heading style-222 style-local-43-c13 position-relative h-element\">\n                  <!----><\/p>\n<div class=\"h-heading__outer style-222 style-local-43-c13\">\n                    <!----><br \/>\n                    <!----><\/p>\n<h3 class=\"\">\u00a1Descubre cu\u00e1l es tu Ponzanito!<\/h3>\n<\/p><\/div>\n<\/p><\/div>\n<div data-colibri-id=\"43-c14\" class=\"h-lead h-text h-text-component style-223 style-local-43-c14 position-relative h-element\">\n                  <!----><br \/>\n                  <!----><\/p>\n<div class=\"\">\n<p>\u00bfEres m\u00e1s de choco, de crocanti o de Lim\u00f3n?<br \/>\n                      <br \/>Hay para todos los gustos<\/p>\n<\/p><\/div>\n<\/p><\/div>\n<div data-colibri-id=\"43-c15\" class=\"h-row-container gutters-row-lg-0 gutters-row-md-0 gutters-row-0 gutters-row-v-lg-0 gutters-row-v-md-0 gutters-row-v-0 style-224 style-local-43-c15 position-relative\">\n                  <!----><\/p>\n<div class=\"h-row justify-content-lg-center justify-content-md-center justify-content-center align-items-lg-stretch align-items-md-stretch align-items-stretch gutters-col-lg-0 gutters-col-md-0 gutters-col-0 gutters-col-v-lg-0 gutters-col-v-md-0 gutters-col-v-0\">\n                    <!----><\/p>\n<div class=\"h-column h-column-container d-flex h-col-lg-6 h-col-md-6 h-col-12 style-225-outer style-local-43-c16-outer\">\n<div data-colibri-id=\"43-c16\" class=\"d-flex h-flex-basis h-column__inner h-px-lg-2 h-px-md-2 h-px-2 v-inner-lg-2 v-inner-md-2 v-inner-2 style-225 style-local-43-c16 position-relative\">\n                        <!----><br \/>\n                        <!----><\/p>\n<div class=\"w-100 h-y-container h-column__content h-column__v-align flex-basis-100 align-self-lg-start align-self-md-start align-self-start\">\n                          <!----><\/p>\n<div data-colibri-id=\"43-c17\" class=\"h-global-transition-all h-heading style-227 style-local-43-c17 position-relative h-element\">\n                            <!----><\/p>\n<div class=\"h-heading__outer style-227 style-local-43-c17\">\n                              <!----><br \/>\n                              <!----><\/p>\n<h5 class=\"\">Ponzanito<br \/>\n                                <br \/>Crocanti<\/h5>\n<\/p><\/div>\n<\/p><\/div>\n<div data-colibri-id=\"43-c18\" class=\"h-text h-text-component style-228 style-local-43-c18 position-relative h-element\">\n                            <!----><br \/>\n                            <!----><\/p>\n<div class=\"\">\n<p>Con su toque de almendrado y choco<\/p>\n<\/p><\/div>\n<\/p><\/div>\n<\/p><\/div>\n<\/p><\/div>\n<\/p><\/div>\n<div class=\"h-column h-column-container d-flex h-col-lg-6 h-col-md-6 h-col-12 style-225-outer style-local-43-c19-outer\">\n<div data-colibri-id=\"43-c19\" class=\"d-flex h-flex-basis h-column__inner h-px-lg-2 h-px-md-2 h-px-2 v-inner-lg-2 v-inner-md-2 v-inner-2 style-225 style-local-43-c19 position-relative\">\n                        <!----><br \/>\n                        <!----><\/p>\n<div class=\"w-100 h-y-container h-column__content h-column__v-align flex-basis-100 align-self-lg-start align-self-md-start align-self-start\">\n                          <!----><\/p>\n<div data-colibri-id=\"43-c20\" class=\"h-global-transition-all h-heading style-227 style-local-43-c20 position-relative h-element\">\n                            <!----><\/p>\n<div class=\"h-heading__outer style-227 style-local-43-c20\">\n                              <!----><br \/>\n                              <!----><\/p>\n<h5 class=\"\">PONZANITO<br \/>\n                                <br \/>Blanquito<\/h5>\n<\/p><\/div>\n<\/p><\/div>\n<div data-colibri-id=\"43-c21\" class=\"h-text h-text-component style-228 style-local-43-c21 position-relative h-element\">\n                            <!----><br \/>\n                            <!----><\/p>\n<div class=\"\">\n<p>Ba\u00f1ado de ese inconfundible choco blanco<\/p>\n<\/p><\/div>\n<\/p><\/div>\n<\/p><\/div>\n<\/p><\/div>\n<\/p><\/div>\n<div class=\"h-column h-column-container d-flex h-col-lg-6 h-col-md-6 h-col-12 style-225-outer style-local-43-c22-outer\">\n<div data-colibri-id=\"43-c22\" class=\"d-flex h-flex-basis h-column__inner h-px-lg-2 h-px-md-2 h-px-2 v-inner-lg-2 v-inner-md-2 v-inner-2 style-225 style-local-43-c22 position-relative\">\n                        <!----><br \/>\n                        <!----><\/p>\n<div class=\"w-100 h-y-container h-column__content h-column__v-align flex-basis-100 align-self-lg-start align-self-md-start align-self-start\">\n                          <!----><\/p>\n<div data-colibri-id=\"43-c23\" class=\"h-global-transition-all h-heading style-227 style-local-43-c23 position-relative h-element\">\n                            <!----><\/p>\n<div class=\"h-heading__outer style-227 style-local-43-c23\">\n                              <!----><br \/>\n                              <!----><\/p>\n<h5 class=\"\">\u00bfMejor Palmeritas?<\/h5>\n<\/p><\/div>\n<\/p><\/div>\n<div data-colibri-id=\"43-c24\" class=\"h-text h-text-component style-228 style-local-43-c24 position-relative h-element\">\n                            <!----><br \/>\n                            <!----><\/p>\n<div class=\"\">\n<p>De textura inconfundible y dulce<\/p>\n<\/p><\/div>\n<\/p><\/div>\n<\/p><\/div>\n<\/p><\/div>\n<\/p><\/div>\n<div class=\"h-column h-column-container d-flex h-col-lg-6 h-col-md-6 h-col-12 style-225-outer style-local-43-c25-outer\">\n<div data-colibri-id=\"43-c25\" class=\"d-flex h-flex-basis h-column__inner h-px-lg-2 h-px-md-2 h-px-2 v-inner-lg-2 v-inner-md-2 v-inner-2 style-225 style-local-43-c25 position-relative\">\n                        <!----><br \/>\n                        <!----><\/p>\n<div class=\"w-100 h-y-container h-column__content h-column__v-align flex-basis-100 align-self-lg-start align-self-md-start align-self-start\">\n                          <!----><\/p>\n<div data-colibri-id=\"43-c26\" class=\"h-global-transition-all h-heading style-227 style-local-43-c26 position-relative h-element\">\n                            <!----><\/p>\n<div class=\"h-heading__outer style-227 style-local-43-c26\">\n                              <!----><br \/>\n                              <!----><\/p>\n<h5 class=\"\">\u00bfO una torrija?<\/h5>\n<\/p><\/div>\n<\/p><\/div>\n<div data-colibri-id=\"43-c27\" class=\"h-text h-text-component style-228 style-local-43-c27 position-relative h-element\">\n                            <!----><br \/>\n                            <!----><\/p>\n<div class=\"\">\n<p>Hechas caseras y bastante grandes<\/p>\n<\/p><\/div>\n<\/p><\/div>\n<\/p><\/div>\n<\/p><\/div>\n<\/p><\/div>\n<\/p><\/div>\n<\/p><\/div>\n<\/p><\/div>\n<\/p><\/div>\n<\/p><\/div>\n<\/p><\/div>\n<\/p><\/div>\n<\/p><\/div>\n<\/p><\/div>\n<\/div>","protected":false},"excerpt":{"rendered":"<p>Los Ponzanitos se piden por Glovo&nbsp; Y son Los mejores bollitos de la ciudad Los Ponzanitos \u00a1Descubre cu\u00e1l es tu Ponzanito! \u00bfEres m\u00e1s de choco, de crocanti o de Lim\u00f3n? Hay para todos los gustos Ponzanito Crocanti Con su toque de almendrado y choco PONZANITO Blanquito Ba\u00f1ado de ese inconfundible choco blanco \u00bfMejor Palmeritas? De textura inconfundible y dulce \u00bfO una torrija? Hechas caseras y bastante grandes<\/p>","protected":false},"author":1,"featured_media":0,"parent":0,"menu_order":0,"comment_status":"closed","ping_status":"closed","template":"","meta":{"site-sidebar-layout":"default","site-content-layout":"","ast-site-content-layout":"default","site-content-style":"default","site-sidebar-style":"default","ast-global-header-display":"","ast-banner-title-visibility":"","ast-main-header-display":"","ast-hfb-above-header-display":"","ast-hfb-below-header-display":"","ast-hfb-mobile-header-display":"","site-post-title":"","ast-breadcrumbs-content":"","ast-featured-img":"","footer-sml-layout":"","ast-disable-related-posts":"","theme-transparent-header-meta":"","adv-header-id-meta":"","stick-header-meta":"","header-above-stick-meta":"","header-main-stick-meta":"","header-below-stick-meta":"","astra-migrate-meta-layouts":"default","ast-page-background-enabled":"default","ast-page-background-meta":{"desktop":{"background-color":"var(--ast-global-color-4)","background-image":"","background-repeat":"repeat","background-position":"center center","background-size":"auto","background-attachment":"scroll","background-type":"","background-media":"","overlay-type":"","overlay-color":"","overlay-opacity":"","overlay-gradient":""},"tablet":{"background-color":"","background-image":"","background-repeat":"repeat","background-position":"center center","background-size":"auto","background-attachment":"scroll","background-type":"","background-media":"","overlay-type":"","overlay-color":"","overlay-opacity":"","overlay-gradient":""},"mobile":{"background-color":"","background-image":"","background-repeat":"repeat","background-position":"center center","background-size":"auto","background-attachment":"scroll","background-type":"","background-media":"","overlay-type":"","overlay-color":"","overlay-opacity":"","overlay-gradient":""}},"ast-content-background-meta":{"desktop":{"background-color":"var(--ast-global-color-5)","background-image":"","background-repeat":"repeat","background-position":"center center","background-size":"auto","background-attachment":"scroll","background-type":"","background-media":"","overlay-type":"","overlay-color":"","overlay-opacity":"","overlay-gradient":""},"tablet":{"background-color":"var(--ast-global-color-5)","background-image":"","background-repeat":"repeat","background-position":"center center","background-size":"auto","background-attachment":"scroll","background-type":"","background-media":"","overlay-type":"","overlay-color":"","overlay-opacity":"","overlay-gradient":""},"mobile":{"background-color":"var(--ast-global-color-5)","background-image":"","background-repeat":"repeat","background-position":"center center","background-size":"auto","background-attachment":"scroll","background-type":"","background-media":"","overlay-type":"","overlay-color":"","overlay-opacity":"","overlay-gradient":""}},"footnotes":""},"class_list":["post-43","page","type-page","status-publish","hentry"],"_links":{"self":[{"href":"https:\/\/ponzanobakery.com\/en\/wp-json\/wp\/v2\/pages\/43","targetHints":{"allow":["GET"]}}],"collection":[{"href":"https:\/\/ponzanobakery.com\/en\/wp-json\/wp\/v2\/pages"}],"about":[{"href":"https:\/\/ponzanobakery.com\/en\/wp-json\/wp\/v2\/types\/page"}],"author":[{"embeddable":true,"href":"https:\/\/ponzanobakery.com\/en\/wp-json\/wp\/v2\/users\/1"}],"replies":[{"embeddable":true,"href":"https:\/\/ponzanobakery.com\/en\/wp-json\/wp\/v2\/comments?post=43"}],"version-history":[{"count":5,"href":"https:\/\/ponzanobakery.com\/en\/wp-json\/wp\/v2\/pages\/43\/revisions"}],"predecessor-version":[{"id":239,"href":"https:\/\/ponzanobakery.com\/en\/wp-json\/wp\/v2\/pages\/43\/revisions\/239"}],"wp:attachment":[{"href":"https:\/\/ponzanobakery.com\/en\/wp-json\/wp\/v2\/media?parent=43"}],"curies":[{"name":"wp","href":"https:\/\/api.w.org\/{rel}","templated":true}]}}