{"id":227,"date":"2024-11-23T02:43:51","date_gmt":"2024-11-23T01:43:51","guid":{"rendered":"https:\/\/ponzanobakery.com\/?page_id=227"},"modified":"2024-11-25T01:48:11","modified_gmt":"2024-11-25T00:48:11","slug":"historia","status":"publish","type":"page","link":"https:\/\/ponzanobakery.com\/en\/historia\/","title":{"rendered":"Historia"},"content":{"rendered":"<div data-elementor-type=\"wp-page\" data-elementor-id=\"227\" class=\"elementor elementor-227\">\n\t\t\t\t<div class=\"elementor-element elementor-element-8d54c96 e-flex e-con-boxed wpr-particle-no wpr-jarallax-no wpr-parallax-no wpr-sticky-section-no wpr-equal-height-no e-con e-parent\" data-id=\"8d54c96\" data-element_type=\"container\" data-e-type=\"container\" data-settings=\"{&quot;background_background&quot;:&quot;classic&quot;}\">\n\t\t\t\t\t<div class=\"e-con-inner\">\n\t\t\t\t\t<\/div>\n\t\t\t\t<\/div>\n\t\t<div class=\"elementor-element elementor-element-539f7c7 e-flex e-con-boxed wpr-particle-no wpr-jarallax-no wpr-parallax-no wpr-sticky-section-no wpr-equal-height-no e-con e-parent\" data-id=\"539f7c7\" data-element_type=\"container\" data-e-type=\"container\">\n\t\t\t\t\t<div class=\"e-con-inner\">\n\t\t<div class=\"elementor-element elementor-element-ba42736 e-con-full e-flex wpr-particle-no wpr-jarallax-no wpr-parallax-no wpr-sticky-section-no wpr-equal-height-no e-con e-child\" data-id=\"ba42736\" data-element_type=\"container\" data-e-type=\"container\">\n\t\t\t\t<div class=\"elementor-element elementor-element-73f5e01 elementor-widget__width-initial elementor-widget elementor-widget-heading\" data-id=\"73f5e01\" data-element_type=\"widget\" data-e-type=\"widget\" data-widget_type=\"heading.default\">\n\t\t\t\t<div class=\"elementor-widget-container\">\n\t\t\t\t\t<h2 class=\"elementor-heading-title elementor-size-default\">Historia<\/h2>\t\t\t\t<\/div>\n\t\t\t\t<\/div>\n\t\t\t\t<div class=\"elementor-element elementor-element-61e5adb elementor-widget__width-initial elementor-widget elementor-widget-text-editor\" data-id=\"61e5adb\" data-element_type=\"widget\" data-e-type=\"widget\" data-widget_type=\"text-editor.default\">\n\t\t\t\t<div class=\"elementor-widget-container\">\n\t\t\t\t\t\t\t\t\t<p><strong>El nacimiento de la pasi\u00f3n por la pasteler\u00eda: la historia de nuestra bakery<\/strong><\/p><p><span style=\"font-weight: 400;\">Todo comenz\u00f3 en Casa Ponzano, un restaurante con alma, coraz\u00f3n y pasi\u00f3n por la hosteler\u00eda. Desde sus or\u00edgenes, nuestra misi\u00f3n ha sido ofrecer experiencias gastron\u00f3micas \u00fanicas, donde cada plato se sirve con dedicaci\u00f3n y con la esencia de lo aut\u00e9ntico. Pero algo m\u00e1s estaba gest\u00e1ndose detr\u00e1s de las puertas de nuestra cocina: un sue\u00f1o que iba m\u00e1s all\u00e1 de los fogones.<\/span><\/p><p><span style=\"font-weight: 400;\">Con el mismo esp\u00edritu innovador y amor por la calidad, un grupo de j\u00f3venes apasionados por la reposter\u00eda decidi\u00f3 dar vida a una idea: **una bakery para delivery**. As\u00ed naci\u00f3 *Ponzano Bakery*, un proyecto que promet\u00eda llevar la dulzura y la calidez de Casa Ponzano a todos los rincones de la ciudad, con un toque especial y \u00fanico.<\/span><\/p><p><span style=\"font-weight: 400;\">Desde el primer d\u00eda, la receta del \u00e9xito fue clara: **elaborar todo con el mismo cuidado, pasi\u00f3n y mimo** con el que preparamos nuestros platos en el restaurante. Con cada masa, con cada horno, con cada ingrediente, pon\u00edamos no solo t\u00e9cnica, sino tambi\u00e9n amor, porque sab\u00edamos que detr\u00e1s de un buen croissant o un delicioso macaron hab\u00eda algo m\u00e1s que simplemente pasteler\u00eda: estaba nuestra historia, nuestra esencia.<\/span><\/p><p><span style=\"font-weight: 400;\">Y as\u00ed, creci\u00f3 nuestra selecci\u00f3n: mini croissants crujientes y mantecosos, bizcochos suaves y esponjosos, palmeritas con un toque dulce y elegante, y macarons de colores vibrantes y sabores irresistibles. Cada pieza es como una peque\u00f1a obra de arte que lleva consigo ese compromiso por lo aut\u00e9ntico que siempre nos ha caracterizado.<\/span><\/p>\t\t\t\t\t\t\t\t<\/div>\n\t\t\t\t<\/div>\n\t\t\t\t<\/div>\n\t\t<div class=\"elementor-element elementor-element-505f254 e-con-full e-flex wpr-particle-no wpr-jarallax-no wpr-parallax-no wpr-sticky-section-no wpr-equal-height-no e-con e-child\" data-id=\"505f254\" data-element_type=\"container\" data-e-type=\"container\">\n\t\t\t\t<div class=\"elementor-element elementor-element-5fc09c4 elementor-widget elementor-widget-image\" data-id=\"5fc09c4\" data-element_type=\"widget\" data-e-type=\"widget\" data-widget_type=\"image.default\">\n\t\t\t\t<div class=\"elementor-widget-container\">\n\t\t\t\t\t\t\t\t\t\t\t\t\t\t\t<img fetchpriority=\"high\" decoding=\"async\" width=\"628\" height=\"829\" src=\"https:\/\/ponzanobakery.com\/wp-content\/uploads\/2024\/09\/Palmeritas-ponzanito-1.jpeg\" class=\"attachment-large size-large wp-image-59\" alt=\"Palmeritas ponzanito\" srcset=\"https:\/\/ponzanobakery.com\/wp-content\/uploads\/2024\/09\/Palmeritas-ponzanito-1.jpeg 628w, https:\/\/ponzanobakery.com\/wp-content\/uploads\/2024\/09\/Palmeritas-ponzanito-1-227x300.jpeg 227w\" sizes=\"(max-width: 628px) 100vw, 628px\" \/>\t\t\t\t\t\t\t\t\t\t\t\t\t\t\t<\/div>\n\t\t\t\t<\/div>\n\t\t\t\t<\/div>\n\t\t\t\t\t<\/div>\n\t\t\t\t<\/div>\n\t\t<div class=\"elementor-element elementor-element-daf092e e-flex e-con-boxed wpr-particle-no wpr-jarallax-no wpr-parallax-no wpr-sticky-section-no wpr-equal-height-no e-con e-parent\" data-id=\"daf092e\" data-element_type=\"container\" data-e-type=\"container\">\n\t\t\t\t\t<div class=\"e-con-inner\">\n\t\t<div class=\"elementor-element elementor-element-bf30708 e-con-full e-flex wpr-particle-no wpr-jarallax-no wpr-parallax-no wpr-sticky-section-no wpr-equal-height-no e-con e-child\" data-id=\"bf30708\" data-element_type=\"container\" data-e-type=\"container\">\n\t\t\t\t<div class=\"elementor-element elementor-element-3573a3d elementor-widget elementor-widget-image\" data-id=\"3573a3d\" data-element_type=\"widget\" data-e-type=\"widget\" data-widget_type=\"image.default\">\n\t\t\t\t<div class=\"elementor-widget-container\">\n\t\t\t\t\t\t\t\t\t\t\t\t\t\t\t<img decoding=\"async\" width=\"768\" height=\"1024\" src=\"https:\/\/ponzanobakery.com\/wp-content\/uploads\/2024\/09\/IMG_1372-768x1024.jpg\" class=\"attachment-large size-large wp-image-120\" alt=\"Ponzanitos\" srcset=\"https:\/\/ponzanobakery.com\/wp-content\/uploads\/2024\/09\/IMG_1372-768x1024.jpg 768w, https:\/\/ponzanobakery.com\/wp-content\/uploads\/2024\/09\/IMG_1372-225x300.jpg 225w, https:\/\/ponzanobakery.com\/wp-content\/uploads\/2024\/09\/IMG_1372-1152x1536.jpg 1152w, https:\/\/ponzanobakery.com\/wp-content\/uploads\/2024\/09\/IMG_1372-1536x2048.jpg 1536w, https:\/\/ponzanobakery.com\/wp-content\/uploads\/2024\/09\/IMG_1372-scaled.jpg 1920w\" sizes=\"(max-width: 768px) 100vw, 768px\" \/>\t\t\t\t\t\t\t\t\t\t\t\t\t\t\t<\/div>\n\t\t\t\t<\/div>\n\t\t\t\t<\/div>\n\t\t<div class=\"elementor-element elementor-element-62e7302 e-con-full e-flex wpr-particle-no wpr-jarallax-no wpr-parallax-no wpr-sticky-section-no wpr-equal-height-no e-con e-child\" data-id=\"62e7302\" data-element_type=\"container\" data-e-type=\"container\">\n\t\t\t\t<div class=\"elementor-element elementor-element-7fe2ddf elementor-widget__width-initial elementor-widget elementor-widget-text-editor\" data-id=\"7fe2ddf\" data-element_type=\"widget\" data-e-type=\"widget\" data-widget_type=\"text-editor.default\">\n\t\t\t\t<div class=\"elementor-widget-container\">\n\t\t\t\t\t\t\t\t\t<p><span style=\"font-weight: 400;\">El \u00e9xito de *Ponzano Bakery* fue inmediato. Los pedidos no dejaron de llegar, y pronto nos dimos cuenta de que lo que comenzaba como un peque\u00f1o sue\u00f1o de llevar nuestra pasi\u00f3n a m\u00e1s personas pod\u00eda convertirse en algo mucho m\u00e1s grande. Los comentarios de nuestros clientes fueron siempre el motor para seguir adelante: \u00ab\u00a1No puedo creer que algo tan delicioso pueda llegar a mi casa!\u00bb, nos dec\u00edan. Y eso nos llenaba de energ\u00eda.<\/span><\/p><p><span style=\"font-weight: 400;\">Pero como todo proyecto ambicioso, el sue\u00f1o no se detuvo ah\u00ed. La meta est\u00e1 clara: **abrir nuestra propia tienda f\u00edsica**, un lugar donde podamos compartir nuestra pasi\u00f3n de forma directa con todos aquellos que buscan un pedacito de felicidad en cada bocado. Una tienda donde los aromas de nuestros productos reci\u00e9n horneados te den la bienvenida, y donde la calidez del lugar te haga sentir como en casa, justo como en Casa Ponzano.<\/span><\/p><p><span style=\"font-weight: 400;\">As\u00ed es como, poco a poco, una idea que naci\u00f3 con mucho amor y pasi\u00f3n por la hosteler\u00eda se convirti\u00f3 en un negocio que sigue creciendo, siempre con la misma filosof\u00eda: hacer las cosas bien, con coraz\u00f3n, y nunca dejar de so\u00f1ar. Y todo, siempre, con una sonrisa.<\/span><\/p><p><span style=\"font-weight: 400;\">Porque en *Ponzano Bakery*, cada croissant, cada macaron, cada bizcocho no es solo un dulce: es un pedazo de nuestra historia, y es nuestra manera de compartir nuestra pasi\u00f3n por la vida, por la cocina y por la gente que nos hace seguir adelante.<\/span><\/p>\t\t\t\t\t\t\t\t<\/div>\n\t\t\t\t<\/div>\n\t\t\t\t<\/div>\n\t\t\t\t\t<\/div>\n\t\t\t\t<\/div>\n\t\t\t\t<\/div>","protected":false},"excerpt":{"rendered":"<p>Historia El nacimiento de la pasi\u00f3n por la pasteler\u00eda: la historia de nuestra bakery Todo comenz\u00f3 en Casa Ponzano, un restaurante con alma, coraz\u00f3n y pasi\u00f3n por la hosteler\u00eda. Desde sus or\u00edgenes, nuestra misi\u00f3n ha sido ofrecer experiencias gastron\u00f3micas \u00fanicas, donde cada plato se sirve con dedicaci\u00f3n y con la esencia de lo aut\u00e9ntico. Pero algo m\u00e1s estaba gest\u00e1ndose detr\u00e1s de las puertas de nuestra cocina: un sue\u00f1o que iba m\u00e1s all\u00e1 de los fogones. Con el mismo esp\u00edritu innovador y amor por la calidad, un grupo de j\u00f3venes apasionados por la reposter\u00eda decidi\u00f3 dar vida a una idea: **una bakery para delivery**. As\u00ed naci\u00f3 *Ponzano Bakery*, un proyecto que promet\u00eda llevar la dulzura y la calidez de Casa Ponzano a todos los rincones de la ciudad, con un toque especial y \u00fanico. Desde el primer d\u00eda, la receta del \u00e9xito fue clara: **elaborar todo con el mismo cuidado, pasi\u00f3n y mimo** con el que preparamos nuestros platos en el restaurante. Con cada masa, con cada horno, con cada ingrediente, pon\u00edamos no solo t\u00e9cnica, sino tambi\u00e9n amor, porque sab\u00edamos que detr\u00e1s de un buen croissant o un delicioso macaron hab\u00eda algo m\u00e1s que simplemente pasteler\u00eda: estaba nuestra historia, nuestra esencia. Y as\u00ed, creci\u00f3 nuestra selecci\u00f3n: mini croissants crujientes y mantecosos, bizcochos suaves y esponjosos, palmeritas con un toque dulce y elegante, y macarons de colores vibrantes y sabores irresistibles. Cada pieza es como una peque\u00f1a obra de arte que lleva consigo ese compromiso por lo aut\u00e9ntico que siempre nos ha caracterizado. El \u00e9xito de *Ponzano Bakery* fue inmediato. Los pedidos no dejaron de llegar, y pronto nos dimos cuenta de que lo que comenzaba como un peque\u00f1o sue\u00f1o de llevar nuestra pasi\u00f3n a m\u00e1s personas pod\u00eda convertirse en algo mucho m\u00e1s grande. Los comentarios de nuestros clientes fueron siempre el motor para seguir adelante: \u00ab\u00a1No puedo creer que algo tan delicioso pueda llegar a mi casa!\u00bb, nos dec\u00edan. Y eso nos llenaba de energ\u00eda. Pero como todo proyecto ambicioso, el sue\u00f1o no se detuvo ah\u00ed. La meta est\u00e1 clara: **abrir nuestra propia tienda f\u00edsica**, un lugar donde podamos compartir nuestra pasi\u00f3n de forma directa con todos aquellos que buscan un pedacito de felicidad en cada bocado. Una tienda donde los aromas de nuestros productos reci\u00e9n horneados te den la bienvenida, y donde la calidez del lugar te haga sentir como en casa, justo como en Casa Ponzano. As\u00ed es como, poco a poco, una idea que naci\u00f3 con mucho amor y pasi\u00f3n por la hosteler\u00eda se convirti\u00f3 en un negocio que sigue creciendo, siempre con la misma filosof\u00eda: hacer las cosas bien, con coraz\u00f3n, y nunca dejar de so\u00f1ar. Y todo, siempre, con una sonrisa. Porque en *Ponzano Bakery*, cada croissant, cada macaron, cada bizcocho no es solo un dulce: es un pedazo de nuestra historia, y es nuestra manera de compartir nuestra pasi\u00f3n por la vida, por la cocina y por la gente que nos hace seguir adelante.<\/p>","protected":false},"author":1,"featured_media":0,"parent":0,"menu_order":0,"comment_status":"closed","ping_status":"closed","template":"","meta":{"site-sidebar-layout":"no-sidebar","site-content-layout":"","ast-site-content-layout":"full-width-container","site-content-style":"default","site-sidebar-style":"default","ast-global-header-display":"","ast-banner-title-visibility":"","ast-main-header-display":"","ast-hfb-above-header-display":"","ast-hfb-below-header-display":"","ast-hfb-mobile-header-display":"","site-post-title":"disabled","ast-breadcrumbs-content":"","ast-featured-img":"disabled","footer-sml-layout":"","ast-disable-related-posts":"","theme-transparent-header-meta":"","adv-header-id-meta":"","stick-header-meta":"","header-above-stick-meta":"","header-main-stick-meta":"","header-below-stick-meta":"","astra-migrate-meta-layouts":"default","ast-page-background-enabled":"default","ast-page-background-meta":{"desktop":{"background-color":"var(--ast-global-color-4)","background-image":"","background-repeat":"repeat","background-position":"center center","background-size":"auto","background-attachment":"scroll","background-type":"","background-media":"","overlay-type":"","overlay-color":"","overlay-opacity":"","overlay-gradient":""},"tablet":{"background-color":"","background-image":"","background-repeat":"repeat","background-position":"center center","background-size":"auto","background-attachment":"scroll","background-type":"","background-media":"","overlay-type":"","overlay-color":"","overlay-opacity":"","overlay-gradient":""},"mobile":{"background-color":"","background-image":"","background-repeat":"repeat","background-position":"center center","background-size":"auto","background-attachment":"scroll","background-type":"","background-media":"","overlay-type":"","overlay-color":"","overlay-opacity":"","overlay-gradient":""}},"ast-content-background-meta":{"desktop":{"background-color":"var(--ast-global-color-5)","background-image":"","background-repeat":"repeat","background-position":"center center","background-size":"auto","background-attachment":"scroll","background-type":"","background-media":"","overlay-type":"","overlay-color":"","overlay-opacity":"","overlay-gradient":""},"tablet":{"background-color":"var(--ast-global-color-5)","background-image":"","background-repeat":"repeat","background-position":"center center","background-size":"auto","background-attachment":"scroll","background-type":"","background-media":"","overlay-type":"","overlay-color":"","overlay-opacity":"","overlay-gradient":""},"mobile":{"background-color":"var(--ast-global-color-5)","background-image":"","background-repeat":"repeat","background-position":"center center","background-size":"auto","background-attachment":"scroll","background-type":"","background-media":"","overlay-type":"","overlay-color":"","overlay-opacity":"","overlay-gradient":""}},"footnotes":""},"class_list":["post-227","page","type-page","status-publish","hentry"],"_links":{"self":[{"href":"https:\/\/ponzanobakery.com\/en\/wp-json\/wp\/v2\/pages\/227","targetHints":{"allow":["GET"]}}],"collection":[{"href":"https:\/\/ponzanobakery.com\/en\/wp-json\/wp\/v2\/pages"}],"about":[{"href":"https:\/\/ponzanobakery.com\/en\/wp-json\/wp\/v2\/types\/page"}],"author":[{"embeddable":true,"href":"https:\/\/ponzanobakery.com\/en\/wp-json\/wp\/v2\/users\/1"}],"replies":[{"embeddable":true,"href":"https:\/\/ponzanobakery.com\/en\/wp-json\/wp\/v2\/comments?post=227"}],"version-history":[{"count":5,"href":"https:\/\/ponzanobakery.com\/en\/wp-json\/wp\/v2\/pages\/227\/revisions"}],"predecessor-version":[{"id":254,"href":"https:\/\/ponzanobakery.com\/en\/wp-json\/wp\/v2\/pages\/227\/revisions\/254"}],"wp:attachment":[{"href":"https:\/\/ponzanobakery.com\/en\/wp-json\/wp\/v2\/media?parent=227"}],"curies":[{"name":"wp","href":"https:\/\/api.w.org\/{rel}","templated":true}]}}